{"id":3588,"date":"2020-06-10T15:34:06","date_gmt":"2020-06-10T13:34:06","guid":{"rendered":"http:\/\/www.cinema-contis.fr\/site_festival\/?page_id=3588"},"modified":"2020-06-30T16:06:56","modified_gmt":"2020-06-30T14:06:56","slug":"le-programme-du-festival","status":"publish","type":"page","link":"http:\/\/www.cinema-contis.fr\/site_festival\/le-programme-du-festival\/","title":{"rendered":"Le Programme du Festival"},"content":{"rendered":"\n<div style=\"text-align: center; width:1100px; margin: 12px auto;\"><div style=\"margin: 4px 0px;\"><a href=\"http:\/\/calameo.com\/books\/000948084611935a7f2ce\">View this publication on Calam&eacute;o<\/a><\/div><iframe loading=\"lazy\" src=\"\/\/v.calameo.com\/?bkcode=000948084611935a7f2ce&amp;language=fr&amp;page=&amp;showsharemenu=true&amp;clickTo=view&amp;clickTarget=_self&amp;clickToUrl=&amp;autoFlip=0&amp;mode=mini&amp;wmode=transparent\" width=\"1100\" height=\"650\" style=\"width:1100px;height:650px\" frameborder=\"0\" scrolling=\"no\" allowtransparency allowfullscreen><\/iframe><div style=\"margin: 4px 0px; font-size: 90%;\"><a rel=\"nofollow\" href=\"http:\/\/calameo.com\/upload\">Publish<\/a> at <a href=\"http:\/\/calameo.com\">Calam&eacute;o<\/a> or <a href=\"http:\/\/calameo.com\/browse\/weekly\/?o=7&amp;w=DESC\">browse<\/a> the library.<\/div><\/div>\n\n\n\n<div class=\"wp-block-file aligncenter\"><a href=\"http:\/\/www.cinema-contis.fr\/site_festival\/wp-content\/uploads\/2020\/06\/Programme-2020_compressed.pdf\">T\u00e9l\u00e9chargez le programme (PDF)<\/a><a href=\"http:\/\/www.cinema-contis.fr\/site_festival\/wp-content\/uploads\/2020\/06\/Programme-2020_compressed.pdf\" class=\"wp-block-file__button\" download>T\u00e9l\u00e9charger<\/a><\/div>\n","protected":false},"excerpt":{"rendered":"View this publication on Calam&eacute;oPublish at Calam&eacute;o or browse the library. T\u00e9l\u00e9chargez le programme (PDF)T\u00e9l\u00e9charger","protected":false},"author":1,"featured_media":0,"parent":0,"menu_order":0,"comment_status":"closed","ping_status":"closed","template":"","meta":{"_monsterinsights_skip_tracking":false,"_monsterinsights_sitenote_active":false,"_monsterinsights_sitenote_note":"","_monsterinsights_sitenote_category":0,"footnotes":""},"_links":{"self":[{"href":"http:\/\/www.cinema-contis.fr\/site_festival\/wp-json\/wp\/v2\/pages\/3588"}],"collection":[{"href":"http:\/\/www.cinema-contis.fr\/site_festival\/wp-json\/wp\/v2\/pages"}],"about":[{"href":"http:\/\/www.cinema-contis.fr\/site_festival\/wp-json\/wp\/v2\/types\/page"}],"author":[{"embeddable":true,"href":"http:\/\/www.cinema-contis.fr\/site_festival\/wp-json\/wp\/v2\/users\/1"}],"replies":[{"embeddable":true,"href":"http:\/\/www.cinema-contis.fr\/site_festival\/wp-json\/wp\/v2\/comments?post=3588"}],"version-history":[{"count":11,"href":"http:\/\/www.cinema-contis.fr\/site_festival\/wp-json\/wp\/v2\/pages\/3588\/revisions"}],"predecessor-version":[{"id":4714,"href":"http:\/\/www.cinema-contis.fr\/site_festival\/wp-json\/wp\/v2\/pages\/3588\/revisions\/4714"}],"wp:attachment":[{"href":"http:\/\/www.cinema-contis.fr\/site_festival\/wp-json\/wp\/v2\/media?parent=3588"}],"curies":[{"name":"wp","href":"https:\/\/api.w.org\/{rel}","templated":true}]}}