{"id":3600,"date":"2020-06-10T15:46:14","date_gmt":"2020-06-10T13:46:14","guid":{"rendered":"http:\/\/www.cinema-contis.fr\/site_festival\/?page_id=3600"},"modified":"2020-06-25T09:35:56","modified_gmt":"2020-06-25T07:35:56","slug":"longs-metrages","status":"publish","type":"page","link":"http:\/\/www.cinema-contis.fr\/site_festival\/longs-metrages\/","title":{"rendered":"Longs-M\u00e9trages"},"content":{"rendered":"<p>[vc_row full_width=\u00a0\u00bbstretch_row_content_no_spaces\u00a0\u00bb css=\u00a0\u00bb.vc_custom_1534302883914{padding-bottom: 8% !important;}\u00a0\u00bb][vc_column][vc_column_text]<\/p>\n<p style=\"text-align: center;\"><span style=\"text-decoration: underline; color: #ff6600;\">\u00c0 LIRE ATTENTIVEMENT !<\/span><\/p>\n<p style=\"text-align: center;\"><span style=\"color: #ff6600;\">Voici la liste des longs-m\u00e9trages europ\u00e9ens en avant-premi\u00e8re que nous avions choisi de vous faire d\u00e9couvrir<br \/>\npour cette 25\u00e8me \u00e9dition du Festival de Contis.<\/span><br \/>\n<span style=\"color: #ff6600;\">Mais la crise sanitaire&#8230; et&#8230; nous avons pris la d\u00e9cision de faire notre Festival en ligne <\/span><span style=\"color: #ff6600;\">plut\u00f4t que de l&rsquo;annuler,<\/span><br \/>\n<span style=\"color: #ff6600;\">Mais la r\u00e9ouverture anticip\u00e9e des salles&#8230; et plusieurs films nous ont du coup \u00e9t\u00e9 refus\u00e9s,<\/span><br \/>\n<span style=\"color: #ff6600;\">Et les salles \u00e9tant ouvertes, nous n&rsquo;avons m\u00eame plus eu de r\u00e9ponse pour d&rsquo;autres films,<\/span><br \/>\n<span style=\"color: #ff6600;\">Tous solidaires !<\/span><\/p>\n<p>[\/vc_column_text][vc_row_inner][vc_column_inner]  \n        <div class=\" \">\n                <div class=\"video-shortcode-wrapper grid \">\n        <div class=\"video-content\">\n                        <ul data-option-key=\"filter\" class=\"video-filter style_1 align_center\">\n                <li>\n                    <a class=\"\"\n                        href=\"javascript:;\" \n                        data-option-value=\"*\"\n                    >All<\/a>\n                <\/li>\n                                <li>\n                    <a class=\"\"\n                        href=\"javascript:;\" \n                        data-option-value =\".long-metrage\"\n                    >Longs-m\u00e9trages<\/a>\n                <\/li>\n                            <\/ul>\n\n            <div class=\"video-list columns-3 style_2\">\n                                    <div class=\"video-item style_2 long-metrage \" onclick=\"void(0)\">\n    <div class=\"video-image\">\n                <div class=\"video-thumbnail-slideshow\" data-speed=\"1000\">\n            <img decoding=\"async\" src=\"http:\/\/www.cinema-contis.fr\/site_festival\/wp-content\/uploads\/2020\/06\/LM01-adark.jpg\" alt=\"A DARK, DARK MAN\">\n                        <img decoding=\"async\" src=\"\" alt=\"A DARK, DARK MAN\">\n                    <\/div>\n                        <div class=\"video-icon\">\n            <a href=\"javascript:;\" class=\"view-video-button\" data-id=\"3852\" data-player=\"none\" data-server=\"youtube\"><\/a>\n        <\/div>\n            <\/div>\n    <div class=\"video-meta\">\n        <h3 class=\"video-title\"><a href=\"http:\/\/www.cinema-contis.fr\/site_festival\/video\/a-dark-dark-man\/\">A DARK, DARK MAN<\/a><\/h3>\n        <div class=\"video-category\">\/ <a href=\"http:\/\/www.cinema-contis.fr\/site_festival\/video-category\/long-metrage\/\" rel=\"tag\">Longs-m\u00e9trages<\/a><\/div>\n    <\/div>\n<\/div>                                    <div class=\"video-item style_2 long-metrage \" onclick=\"void(0)\">\n    <div class=\"video-image\">\n                <div class=\"video-thumbnail-slideshow\" data-speed=\"1000\">\n            <img decoding=\"async\" src=\"http:\/\/www.cinema-contis.fr\/site_festival\/wp-content\/uploads\/2020\/06\/LM02-goodbye.jpg\" alt=\"GOODBYE\">\n                        <img decoding=\"async\" src=\"\" alt=\"GOODBYE\">\n                    <\/div>\n                        <div class=\"video-icon\">\n            <a href=\"javascript:;\" class=\"view-video-button\" data-id=\"3850\" data-player=\"none\" data-server=\"youtube\"><\/a>\n        <\/div>\n            <\/div>\n    <div class=\"video-meta\">\n        <h3 class=\"video-title\"><a href=\"http:\/\/www.cinema-contis.fr\/site_festival\/video\/goodbye\/\">GOODBYE<\/a><\/h3>\n        <div class=\"video-category\">\/ <a href=\"http:\/\/www.cinema-contis.fr\/site_festival\/video-category\/long-metrage\/\" rel=\"tag\">Longs-m\u00e9trages<\/a><\/div>\n    <\/div>\n<\/div>                                    <div class=\"video-item style_2 long-metrage \" onclick=\"void(0)\">\n    <div class=\"video-image\">\n                <div class=\"video-thumbnail-slideshow\" data-speed=\"1000\">\n            <img decoding=\"async\" src=\"http:\/\/www.cinema-contis.fr\/site_festival\/wp-content\/uploads\/2020\/06\/LM-honey.jpg\" alt=\"HONEYLAND\">\n                        <img decoding=\"async\" src=\"\" alt=\"HONEYLAND\">\n                    <\/div>\n                        <div class=\"video-icon\">\n            <a href=\"javascript:;\" class=\"view-video-button\" data-id=\"3848\" data-player=\"none\" data-server=\"youtube\"><\/a>\n        <\/div>\n            <\/div>\n    <div class=\"video-meta\">\n        <h3 class=\"video-title\"><a href=\"http:\/\/www.cinema-contis.fr\/site_festival\/video\/honeyland\/\">HONEYLAND<\/a><\/h3>\n        <div class=\"video-category\">\/ <a href=\"http:\/\/www.cinema-contis.fr\/site_festival\/video-category\/long-metrage\/\" rel=\"tag\">Longs-m\u00e9trages<\/a><\/div>\n    <\/div>\n<\/div>                                    <div class=\"video-item style_2 long-metrage \" onclick=\"void(0)\">\n    <div class=\"video-image\">\n                <div class=\"video-thumbnail-slideshow\" data-speed=\"1000\">\n            <img decoding=\"async\" src=\"http:\/\/www.cinema-contis.fr\/site_festival\/wp-content\/uploads\/2020\/06\/LM04-laffaire.jpg\" alt=\"L\u2019AFFAIRE COLECTIV\">\n                        <img decoding=\"async\" src=\"\" alt=\"L\u2019AFFAIRE COLECTIV\">\n                    <\/div>\n                        <div class=\"video-icon\">\n            <a href=\"javascript:;\" class=\"view-video-button\" data-id=\"3846\" data-player=\"none\" data-server=\"youtube\"><\/a>\n        <\/div>\n            <\/div>\n    <div class=\"video-meta\">\n        <h3 class=\"video-title\"><a href=\"http:\/\/www.cinema-contis.fr\/site_festival\/video\/laffaire-collectiv\/\">L\u2019AFFAIRE COLECTIV<\/a><\/h3>\n        <div class=\"video-category\">\/ <a href=\"http:\/\/www.cinema-contis.fr\/site_festival\/video-category\/long-metrage\/\" rel=\"tag\">Longs-m\u00e9trages<\/a><\/div>\n    <\/div>\n<\/div>                                    <div class=\"video-item style_2 long-metrage \" onclick=\"void(0)\">\n    <div class=\"video-image\">\n                <div class=\"video-thumbnail-slideshow\" data-speed=\"1000\">\n            <img decoding=\"async\" src=\"http:\/\/www.cinema-contis.fr\/site_festival\/wp-content\/uploads\/2020\/06\/LM5-madre.jpg\" alt=\"MADRE\">\n                        <img decoding=\"async\" src=\"\" alt=\"MADRE\">\n                    <\/div>\n                        <div class=\"video-icon\">\n            <a href=\"javascript:;\" class=\"view-video-button\" data-id=\"3844\" data-player=\"none\" data-server=\"youtube\"><\/a>\n        <\/div>\n            <\/div>\n    <div class=\"video-meta\">\n        <h3 class=\"video-title\"><a href=\"http:\/\/www.cinema-contis.fr\/site_festival\/video\/madre\/\">MADRE<\/a><\/h3>\n        <div class=\"video-category\">\/ <a href=\"http:\/\/www.cinema-contis.fr\/site_festival\/video-category\/long-metrage\/\" rel=\"tag\">Longs-m\u00e9trages<\/a><\/div>\n    <\/div>\n<\/div>                                    <div class=\"video-item style_2 long-metrage \" onclick=\"void(0)\">\n    <div class=\"video-image\">\n                <div class=\"video-thumbnail-slideshow\" data-speed=\"1000\">\n            <img decoding=\"async\" src=\"http:\/\/www.cinema-contis.fr\/site_festival\/wp-content\/uploads\/2020\/06\/LM6-memento.jpg\" alt=\"MATERNAL\">\n                        <img decoding=\"async\" src=\"\" alt=\"MATERNAL\">\n                    <\/div>\n                        <div class=\"video-icon\">\n            <a href=\"javascript:;\" class=\"view-video-button\" data-id=\"3842\" data-player=\"none\" data-server=\"youtube\"><\/a>\n        <\/div>\n            <\/div>\n    <div class=\"video-meta\">\n        <h3 class=\"video-title\"><a href=\"http:\/\/www.cinema-contis.fr\/site_festival\/video\/maternal\/\">MATERNAL<\/a><\/h3>\n        <div class=\"video-category\">\/ <a href=\"http:\/\/www.cinema-contis.fr\/site_festival\/video-category\/long-metrage\/\" rel=\"tag\">Longs-m\u00e9trages<\/a><\/div>\n    <\/div>\n<\/div>                                    <div class=\"video-item style_2 long-metrage \" onclick=\"void(0)\">\n    <div class=\"video-image\">\n                <div class=\"video-thumbnail-slideshow\" data-speed=\"1000\">\n            <img decoding=\"async\" src=\"http:\/\/www.cinema-contis.fr\/site_festival\/wp-content\/uploads\/2020\/06\/LM7-michelange.jpg\" alt=\"MICHEL-ANGE\">\n                        <img decoding=\"async\" src=\"\" alt=\"MICHEL-ANGE\">\n                    <\/div>\n                        <div class=\"video-icon\">\n            <a href=\"javascript:;\" class=\"view-video-button\" data-id=\"3840\" data-player=\"none\" data-server=\"youtube\"><\/a>\n        <\/div>\n            <\/div>\n    <div class=\"video-meta\">\n        <h3 class=\"video-title\"><a href=\"http:\/\/www.cinema-contis.fr\/site_festival\/video\/michel-ange\/\">MICHEL-ANGE<\/a><\/h3>\n        <div class=\"video-category\">\/ <a href=\"http:\/\/www.cinema-contis.fr\/site_festival\/video-category\/long-metrage\/\" rel=\"tag\">Longs-m\u00e9trages<\/a><\/div>\n    <\/div>\n<\/div>                                    <div class=\"video-item style_2 long-metrage \" onclick=\"void(0)\">\n    <div class=\"video-image\">\n                <div class=\"video-thumbnail-slideshow\" data-speed=\"1000\">\n            <img decoding=\"async\" src=\"http:\/\/www.cinema-contis.fr\/site_festival\/wp-content\/uploads\/2020\/06\/ondine.jpg\" alt=\"ONDINE\">\n                    <\/div>\n                        <div class=\"video-icon\">\n            <a href=\"javascript:;\" class=\"view-video-button\" data-id=\"3837\" data-player=\"none\" data-server=\"youtube\"><\/a>\n        <\/div>\n            <\/div>\n    <div class=\"video-meta\">\n        <h3 class=\"video-title\"><a href=\"http:\/\/www.cinema-contis.fr\/site_festival\/video\/ondine\/\">ONDINE<\/a><\/h3>\n        <div class=\"video-category\">\/ <a href=\"http:\/\/www.cinema-contis.fr\/site_festival\/video-category\/long-metrage\/\" rel=\"tag\">Longs-m\u00e9trages<\/a><\/div>\n    <\/div>\n<\/div>                                    <div class=\"video-item style_2 long-metrage \" onclick=\"void(0)\">\n    <div class=\"video-image\">\n                <div class=\"video-thumbnail-slideshow\" data-speed=\"1000\">\n            <img decoding=\"async\" src=\"http:\/\/www.cinema-contis.fr\/site_festival\/wp-content\/uploads\/2020\/06\/LM9-poisson.jpg\" alt=\"POISSONSEXE\">\n                        <img decoding=\"async\" src=\"\" alt=\"POISSONSEXE\">\n                    <\/div>\n                        <div class=\"video-icon\">\n            <a href=\"javascript:;\" class=\"view-video-button\" data-id=\"3835\" data-player=\"none\" data-server=\"youtube\"><\/a>\n        <\/div>\n            <\/div>\n    <div class=\"video-meta\">\n        <h3 class=\"video-title\"><a href=\"http:\/\/www.cinema-contis.fr\/site_festival\/video\/poissonsexe\/\">POISSONSEXE<\/a><\/h3>\n        <div class=\"video-category\">\/ <a href=\"http:\/\/www.cinema-contis.fr\/site_festival\/video-category\/long-metrage\/\" rel=\"tag\">Longs-m\u00e9trages<\/a><\/div>\n    <\/div>\n<\/div>                                    <div class=\"video-item style_2 long-metrage \" onclick=\"void(0)\">\n    <div class=\"video-image\">\n                <div class=\"video-thumbnail-slideshow\" data-speed=\"1000\">\n            <img decoding=\"async\" src=\"http:\/\/www.cinema-contis.fr\/site_festival\/wp-content\/uploads\/2020\/06\/LM10-sister.jpg\" alt=\"SISTER\">\n                        <img decoding=\"async\" src=\"\" alt=\"SISTER\">\n                    <\/div>\n                        <div class=\"video-icon\">\n            <a href=\"javascript:;\" class=\"view-video-button\" data-id=\"3833\" data-player=\"none\" data-server=\"youtube\"><\/a>\n        <\/div>\n            <\/div>\n    <div class=\"video-meta\">\n        <h3 class=\"video-title\"><a href=\"http:\/\/www.cinema-contis.fr\/site_festival\/video\/sister\/\">SISTER<\/a><\/h3>\n        <div class=\"video-category\">\/ <a href=\"http:\/\/www.cinema-contis.fr\/site_festival\/video-category\/long-metrage\/\" rel=\"tag\">Longs-m\u00e9trages<\/a><\/div>\n    <\/div>\n<\/div>                                    <div class=\"video-item style_2 long-metrage \" onclick=\"void(0)\">\n    <div class=\"video-image\">\n                <div class=\"video-thumbnail-slideshow\" data-speed=\"1000\">\n            <img decoding=\"async\" src=\"http:\/\/www.cinema-contis.fr\/site_festival\/wp-content\/uploads\/2020\/06\/LM11-yalda.jpg\" alt=\"YALDA, LA NUIT DU PARDON\">\n                        <img decoding=\"async\" src=\"\" alt=\"YALDA, LA NUIT DU PARDON\">\n                    <\/div>\n                        <div class=\"video-icon\">\n            <a href=\"javascript:;\" class=\"view-video-button\" data-id=\"3831\" data-player=\"none\" data-server=\"youtube\"><\/a>\n        <\/div>\n            <\/div>\n    <div class=\"video-meta\">\n        <h3 class=\"video-title\"><a href=\"http:\/\/www.cinema-contis.fr\/site_festival\/video\/yalda-la-nuit-du-pardon\/\">YALDA, LA NUIT DU PARDON<\/a><\/h3>\n        <div class=\"video-category\">\/ <a href=\"http:\/\/www.cinema-contis.fr\/site_festival\/video-category\/long-metrage\/\" rel=\"tag\">Longs-m\u00e9trages<\/a><\/div>\n    <\/div>\n<\/div>                            <\/div>\n        <\/div>\n    <\/div>\n            <\/div>  \n\n        [\/vc_column_inner][\/vc_row_inner][\/vc_column][\/vc_row][vc_row][vc_column][\/vc_column][\/vc_row]<\/p>\n","protected":false},"excerpt":{"rendered":"<p>[vc_row full_width=\u00a0\u00bbstretch_row_content_no_spaces\u00a0\u00bb css=\u00a0\u00bb.vc_custom_1534302883914{padding-bottom: 8% !important;}\u00a0\u00bb][vc_column][vc_column_text] \u00c0 LIRE ATTENTIVEMENT ! Voici la liste des longs-m\u00e9trages europ\u00e9ens en avant-premi\u00e8re que nous avions choisi de vous faire d\u00e9couvrir pour cette 25\u00e8me \u00e9dition du Festival de Contis. Mais la crise sanitaire&#8230; et&#8230; nous avons pris la d\u00e9cision de faire notre Festival en ligne plut\u00f4t que de l&rsquo;annuler, Mais la [&hellip;]<\/p>\n","protected":false},"author":1,"featured_media":0,"parent":0,"menu_order":0,"comment_status":"closed","ping_status":"closed","template":"","meta":{"_monsterinsights_skip_tracking":false,"_monsterinsights_sitenote_active":false,"_monsterinsights_sitenote_note":"","_monsterinsights_sitenote_category":0,"footnotes":""},"_links":{"self":[{"href":"http:\/\/www.cinema-contis.fr\/site_festival\/wp-json\/wp\/v2\/pages\/3600"}],"collection":[{"href":"http:\/\/www.cinema-contis.fr\/site_festival\/wp-json\/wp\/v2\/pages"}],"about":[{"href":"http:\/\/www.cinema-contis.fr\/site_festival\/wp-json\/wp\/v2\/types\/page"}],"author":[{"embeddable":true,"href":"http:\/\/www.cinema-contis.fr\/site_festival\/wp-json\/wp\/v2\/users\/1"}],"replies":[{"embeddable":true,"href":"http:\/\/www.cinema-contis.fr\/site_festival\/wp-json\/wp\/v2\/comments?post=3600"}],"version-history":[{"count":17,"href":"http:\/\/www.cinema-contis.fr\/site_festival\/wp-json\/wp\/v2\/pages\/3600\/revisions"}],"predecessor-version":[{"id":3975,"href":"http:\/\/www.cinema-contis.fr\/site_festival\/wp-json\/wp\/v2\/pages\/3600\/revisions\/3975"}],"wp:attachment":[{"href":"http:\/\/www.cinema-contis.fr\/site_festival\/wp-json\/wp\/v2\/media?parent=3600"}],"curies":[{"name":"wp","href":"https:\/\/api.w.org\/{rel}","templated":true}]}}