{"id":3995,"date":"2020-06-19T14:52:14","date_gmt":"2020-06-19T12:52:14","guid":{"rendered":"http:\/\/www.cinema-contis.fr\/site_festival\/?page_id=3995"},"modified":"2020-07-12T21:50:40","modified_gmt":"2020-07-12T19:50:40","slug":"presentation-du-festival","status":"publish","type":"page","link":"http:\/\/www.cinema-contis.fr\/site_festival\/presentation-du-festival\/","title":{"rendered":"Pr\u00e9sentation du Festival"},"content":{"rendered":"<p><span style=\"color: #000000;\">Cr\u00e9\u00e9 en 1996 par Betty Berr et Rainer Wothe, un couple franco-allemand, le Festival International de Contis se d\u00e9roule \u00e0 Contis-Plage sur la Commune de Saint-Julien en Born, 40170 Landes et son rayonnement s&rsquo;\u00e9tend \u00e0 l&rsquo;international.<\/span><br><span style=\"color: #000000;\">Le Festival est \u00e9galement pr\u00e9sent tous les ans \u00e0 Frankfurt (Lande de Hesse), \u00e0 Bologne (Emilie Romagne), \u00e0 Atibaia (Br\u00e9sil), ainsi que tous les deux ans au FESPACO \u00e0 Ouagadougou au Burkina Faso et \u00e0 l\u2019\u00eele de La R\u00e9union avec Cin\u00e9Kour.<\/span><\/p>\n<p><span style=\"color: #000000;\">Avec le Cin\u00e9ma de Contis nous avons cr\u00e9\u00e9 un laboratoire, dans le secteur des industries cr\u00e9atives et culturelles, sp\u00e9cialis\u00e9 dans le cin\u00e9ma et les arts visuels.<\/span><br><span style=\"color: #000000;\">Class\u00e9 Art et Essai, le Cin\u00e9ma a obtenu les trois Labels : Jeune Public, Patrimoine et R\u00e9pertoire, Recherche et D\u00e9couverte. Il est membre de Europa Cinemas.&nbsp;<\/span><\/p>\n<p><span style=\"color: #000000;\">Nos objectifs : Faire d\u00e9couvrir des films, cr\u00e9er une curiosit\u00e9 vers des \u0153uvres rares et de qualit\u00e9, r\u00e9aliser toutes prestations de conseils et d&rsquo;accompagnement dans la cr\u00e9ation et la diffusion d&rsquo;\u0153uvres cin\u00e9matographiques et d&rsquo;arts visuels.<\/span><br><span style=\"color: #000000;\">Promouvoir le cin\u00e9ma dans le respect de la diversit\u00e9 culturelle.<\/span><br><span style=\"color: #000000;\">Promouvoir la libre circulation des films et des artistes du monde par la mise en r\u00e9seau de nos festivals partenaires : Nouvelle-Aquitaine, Allemagne, Italie, Pays-Bas, Br\u00e9sil, Afrique.<\/span><br><span style=\"color: #000000;\">Favoriser sur le territoire aquitain, en Europe, \u00e0 l&rsquo;international, la diffusion d&rsquo;\u0153uvres soutenues par la R\u00e9gion Nouvelle-Aquitaine.&nbsp;<\/span><\/p>\n<p><span style=\"color: #000000;\">Le Festival International de Contis ouvert sur son village, la R\u00e9gion, l&rsquo;Europe et sur le Monde, est r\u00e9alis\u00e9 avec le patronage de la Commission Nationale Fran\u00e7aise pour l&rsquo;UNESCO.<\/span><\/p>\n<p style=\"text-align: right;\"><span style=\"color: #000000;\"><strong>Betty Berr et Rainer Wothe<\/strong><\/span><\/p>\n<h3><span style=\"color: #000000;\">Comment va se d\u00e9rouler l&rsquo;\u00e9dition en ligne ?<\/span><\/h3>\n<p><span style=\"color: #000000;\"><img loading=\"lazy\" decoding=\"async\" class=\"size-medium wp-image-4162 alignright\" src=\"http:\/\/www.cinema-contis.fr\/site_festival\/wp-content\/uploads\/2020\/06\/Affiche_25eFestival_BD-200x300.jpg\" alt=\"\" width=\"200\" height=\"300\" srcset=\"http:\/\/www.cinema-contis.fr\/site_festival\/wp-content\/uploads\/2020\/06\/Affiche_25eFestival_BD-200x300.jpg 200w, http:\/\/www.cinema-contis.fr\/site_festival\/wp-content\/uploads\/2020\/06\/Affiche_25eFestival_BD-682x1024.jpg 682w, http:\/\/www.cinema-contis.fr\/site_festival\/wp-content\/uploads\/2020\/06\/Affiche_25eFestival_BD-768x1153.jpg 768w, http:\/\/www.cinema-contis.fr\/site_festival\/wp-content\/uploads\/2020\/06\/Affiche_25eFestival_BD-1023x1536.jpg 1023w, http:\/\/www.cinema-contis.fr\/site_festival\/wp-content\/uploads\/2020\/06\/Affiche_25eFestival_BD.jpg 1150w\" sizes=\"(max-width: 200px) 100vw, 200px\" \/>Comme chaque ann\u00e9e, le Festival de Contis met \u00e0 l\u2019honneur des films europ\u00e9ens, africains et br\u00e9siliens, une Comp\u00e9tition europ\u00e9enne de courts-m\u00e9trages, un concours de nanom\u00e9trages, mais aussi des projets comme \u201cTalents en Court \u00e0 Contis\u201d, le \u201cD\u00e9fi VR\u201d, un programme d&rsquo;\u00e9ducation \u00e0 l&rsquo;image, ainsi que des d\u00e9bats, des tables rondes et une exposition virtuelle !<\/span><br><span style=\"color: #000000;\">Toute l\u2019\u00e9quipe est mobilis\u00e9e pour que cette \u00e9dition d\u00e9mat\u00e9rialis\u00e9e refl\u00e8te l\u2019identit\u00e9 pluridisciplinaire et atypique du Festival \u00e0 travers une programmation artistique riche et vari\u00e9e, dans une ambiance joyeuse et participative.<\/span><\/p>\n<p><span style=\"color: #000000;\">Cette diffusion en ligne permettra \u00e9galement d\u2019aller au-del\u00e0 des fronti\u00e8res, en faisant rayonner le Festival de Contis dans un monde international et virtuel.<\/span><\/p>\n<p>&nbsp;<\/p>\n<p><span style=\"color: #f54040;\"><strong>Pour visionner les films rendez-vous sur <a style=\"color: #f54040;\" href=\"https:\/\/festival2020.cinema-contis.fr\/\" target=\"_blank\" rel=\"noopener noreferrer\">festival2020.cinema-contis.fr.<\/a><\/strong><\/span><\/p>\n<p><span style=\"color: #f54040;\"><strong>Pour Talents en Court, le D\u00e9fi VR, l&rsquo;atelier, la table ronde VR, le d\u00e9bat, la rencontre entre Cinema no Interior avec Douze Films et la boite \u00e0 id\u00e9es, rendez-vous sur les pages de notre site internet, dans le menu \u00ab\u00a0D\u00e9bats et Rencontres\u00a0\u00bb.<\/strong><\/span><\/p>\n<p>&nbsp;<\/p>\n<p><span style=\"color: #000000;\"><strong>Pensez \u00e0 r\u00e9server vos places !<\/strong><\/span><br><span style=\"color: #000000;\">Le nombre de places \u00e9tant limit\u00e9 par s\u00e9ance, nous vous conseillons de r\u00e9server le plus t\u00f4t possible votre place. <\/span><br><span style=\"color: #000000;\">Rien de plus facile : choisissez le programme qui vous pla\u00eet et cliquez sur le lien \u00ab\u00a0voir ce programme\u00a0\u00bb. Vous serez ensuite redirig\u00e9 sur la plateforme s\u00e9curis\u00e9e Festival Scope, qui nous permet la diffusion des films en ligne. Il vous faudra alors cr\u00e9er votre compte et r\u00e9server votre place (programmes payants ou non).<\/span><br><span style=\"color: #000000;\">&nbsp;<\/span><br><span style=\"text-decoration: underline; color: #000000;\">Tarifs :<\/span><br><span style=\"color: #000000;\">3\u20ac \/ programmes de courts-m\u00e9trages en Comp\u00e9tition europ\u00e9enne<\/span><br><span style=\"color: #000000;\">3\u20ac \/ le programme \u00ab\u00a0jeune public\u00a0\u00bb<\/span><br><span style=\"color: #000000;\">5\u20ac \/ films p\u00e9pites et film hommage au Fespaco<\/span><br><span style=\"color: #000000;\">Entr\u00e9e libre pour le reste de la programmation<\/span><br><span style=\"color: #000000;\">&nbsp;<\/span><br><span style=\"color: #000000;\"><strong>Rendez-vous jeudi 2 juillet \u00e0 18h30 pour l&rsquo;ouverture du Festival, de la promenade des 25 ans et pour l&rsquo;acc\u00e8s aux premi\u00e8res s\u00e9ances ! &nbsp;<\/strong><\/span><\/p>\n<p><span style=\"color: #000000;\"><strong>RDV tous les jours \u00e0 18h30 (du 2 au 6 juillet) sur le chat en ligne !<\/strong><\/span><\/p>\n\n\n<div style=\"height:20px\" aria-hidden=\"true\" class=\"wp-block-spacer\"><\/div>\n\n\n<p style=\"text-align: center;\"><span style=\"color: #f54040;\"><strong>(Re)d\u00e9couvrez la c\u00e9r\u00e9monie d&rsquo;ouverture du 25\u00e8me Festival de Contis 100% en ligne :<\/strong><\/span><\/p>\n\n\n<div style=\"height:20px\" aria-hidden=\"true\" class=\"wp-block-spacer\"><\/div>\n\n\n\n<div align=\"center\"><iframe loading=\"lazy\" width=\"889\" height=\"500\" src=\"https:\/\/www.youtube.com\/embed\/V208tlYMRyQ\" frameborder=\"0\" allow=\"accelerometer; autoplay; encrypted-media; gyroscope; picture-in-picture\" allowfullscreen=\"\"><\/iframe><\/div>\n\n\n\n<div style=\"height:100px\" aria-hidden=\"true\" class=\"wp-block-spacer\"><\/div>\n\n\n<p style=\"text-align: center;\"><span style=\"color: #f54040;\"><strong>G\u00e9n\u00e9rique :<\/strong><\/span><\/p>\n<p>&nbsp;<\/p>\n\n\n<div align=\"center\"><iframe loading=\"lazy\" width=\"889\" height=\"500\" src=\"https:\/\/www.youtube.com\/embed\/YwqhJ1Aje4c\" frameborder=\"0\" allow=\"accelerometer; autoplay; encrypted-media; gyroscope; picture-in-picture\" allowfullscreen><\/iframe><\/div>\n\n\n\n<div style=\"height:100px\" aria-hidden=\"true\" class=\"wp-block-spacer\"><\/div>\n","protected":false},"excerpt":{"rendered":"<p>Cr\u00e9\u00e9 en 1996 par Betty Berr et Rainer Wothe, un couple franco-allemand, le Festival International de Contis se d\u00e9roule \u00e0 Contis-Plage sur la Commune de Saint-Julien en Born, 40170 Landes et son rayonnement s&rsquo;\u00e9tend \u00e0 l&rsquo;international.Le Festival est \u00e9galement pr\u00e9sent tous les ans \u00e0 Frankfurt (Lande de Hesse), \u00e0 Bologne (Emilie Romagne), \u00e0 Atibaia (Br\u00e9sil), [&hellip;]<\/p>\n","protected":false},"author":2,"featured_media":0,"parent":0,"menu_order":0,"comment_status":"closed","ping_status":"closed","template":"","meta":{"_monsterinsights_skip_tracking":false,"_monsterinsights_sitenote_active":false,"_monsterinsights_sitenote_note":"","_monsterinsights_sitenote_category":0,"footnotes":""},"_links":{"self":[{"href":"http:\/\/www.cinema-contis.fr\/site_festival\/wp-json\/wp\/v2\/pages\/3995"}],"collection":[{"href":"http:\/\/www.cinema-contis.fr\/site_festival\/wp-json\/wp\/v2\/pages"}],"about":[{"href":"http:\/\/www.cinema-contis.fr\/site_festival\/wp-json\/wp\/v2\/types\/page"}],"author":[{"embeddable":true,"href":"http:\/\/www.cinema-contis.fr\/site_festival\/wp-json\/wp\/v2\/users\/2"}],"replies":[{"embeddable":true,"href":"http:\/\/www.cinema-contis.fr\/site_festival\/wp-json\/wp\/v2\/comments?post=3995"}],"version-history":[{"count":22,"href":"http:\/\/www.cinema-contis.fr\/site_festival\/wp-json\/wp\/v2\/pages\/3995\/revisions"}],"predecessor-version":[{"id":5221,"href":"http:\/\/www.cinema-contis.fr\/site_festival\/wp-json\/wp\/v2\/pages\/3995\/revisions\/5221"}],"wp:attachment":[{"href":"http:\/\/www.cinema-contis.fr\/site_festival\/wp-json\/wp\/v2\/media?parent=3995"}],"curies":[{"name":"wp","href":"https:\/\/api.w.org\/{rel}","templated":true}]}}