{"id":4064,"date":"2020-06-19T16:59:28","date_gmt":"2020-06-19T14:59:28","guid":{"rendered":"http:\/\/www.cinema-contis.fr\/site_festival\/?page_id=4064"},"modified":"2020-07-02T18:23:38","modified_gmt":"2020-07-02T16:23:38","slug":"25-ans-test","status":"publish","type":"page","link":"http:\/\/www.cinema-contis.fr\/site_festival\/25-ans-test\/","title":{"rendered":"Promenade dans 25 ann\u00e9es de Festival&#8230;"},"content":{"rendered":"<p>[vc_row css=\u00a0\u00bb.vc_custom_1592578978274{padding-bottom: 80px !important;}\u00a0\u00bb][vc_column width=\u00a0\u00bb1\/3&Prime;][vc_hoverbox image=\u00a0\u00bb4913&Prime; primary_title=\u00a0\u00bb1996 : le premier festival\u00a0\u00bb hover_title=\u00a0\u00bb1996 : le premier festival\u00a0\u00bb shape=\u00a0\u00bbsquare\u00a0\u00bb]<\/p>\n<h3 style=\"text-align: center;\"><a href=\"http:\/\/www.cinema-contis.fr\/site_festival\/1996-le-premier-festival\/\">Voir la promenade&#8230;<\/a><\/h3>\n<p>[\/vc_hoverbox][\/vc_column][vc_column width=\u00a0\u00bb1\/3&Prime;][vc_hoverbox image=\u00a0\u00bb4914&Prime; primary_title=\u00a0\u00bbLes tournages Contis-plage Productions cin\u00e9matographiques\u00a0\u00bb hover_title=\u00a0\u00bbLes tournages\u00a0\u00bb shape=\u00a0\u00bbsquare\u00a0\u00bb]<\/p>\n<h3 style=\"text-align: center;\"><a href=\"http:\/\/www.cinema-contis.fr\/site_festival\/les-tournages-contis-plage-productions-cinematographiques\/\">Voir la promenade&#8230;<\/a><\/h3>\n<p>[\/vc_hoverbox][\/vc_column][vc_column width=\u00a0\u00bb1\/3&Prime;][vc_hoverbox image=\u00a0\u00bb4915&Prime; primary_title=\u00a0\u00bbLes ann\u00e9es Cin\u00e9 F\u00eate \u00e0 Contis\u00a0\u00bb hover_title=\u00a0\u00bbLes ann\u00e9es Cin\u00e9 F\u00eate \u00e0 Contis\u00a0\u00bb shape=\u00a0\u00bbsquare\u00a0\u00bb]<\/p>\n<h3 style=\"text-align: center;\"><a href=\"http:\/\/www.cinema-contis.fr\/site_festival\/les-annees-cine-fete-a-contis\/\">Voir la promenade&#8230;<\/a><\/h3>\n<p>[\/vc_hoverbox][\/vc_column][\/vc_row][vc_row css=\u00a0\u00bb.vc_custom_1592578978274{padding-bottom: 80px !important;}\u00a0\u00bb][vc_column width=\u00a0\u00bb1\/3&Prime;][vc_hoverbox image=\u00a0\u00bb4916&Prime; primary_title=\u00a0\u00bb10 ans 2005 Br\u00e9sil\u00a0\u00bb hover_title=\u00a0\u00bb10 ans 2005 Br\u00e9sil\u00a0\u00bb shape=\u00a0\u00bbsquare\u00a0\u00bb]<\/p>\n<h3 style=\"text-align: center;\"><a href=\"http:\/\/www.cinema-contis.fr\/site_festival\/2005-le-bresil-invite-du-10e-festival\/\">Voir la promenade&#8230;<\/a><\/h3>\n<p>[\/vc_hoverbox][\/vc_column][vc_column width=\u00a0\u00bb1\/3&Prime;][vc_hoverbox image=\u00a0\u00bb4917&Prime; primary_title=\u00a0\u00bbLes partenariats internationaux\u00a0\u00bb hover_title=\u00a0\u00bbLes partenariats internationaux\u00a0\u00bb shape=\u00a0\u00bbsquare\u00a0\u00bb]<\/p>\n<h3 style=\"text-align: center;\"><a href=\"http:\/\/www.cinema-contis.fr\/site_festival\/les-partenariats-internationaux\/\">Voir la promenade&#8230;<\/a><\/h3>\n<p>[\/vc_hoverbox][\/vc_column][vc_column width=\u00a0\u00bb1\/3&Prime;][vc_hoverbox image=\u00a0\u00bb4918&Prime; primary_title=\u00a0\u00bbRencontre des arts\u00a0\u00bb hover_title=\u00a0\u00bbRencontre des arts\u00a0\u00bb shape=\u00a0\u00bbsquare\u00a0\u00bb]<\/p>\n<h3 style=\"text-align: center;\"><a href=\"http:\/\/www.cinema-contis.fr\/site_festival\/uncle-dunha-rencontres-des-arts\/\">Voir la promenade&#8230;<\/a><\/h3>\n<p>[\/vc_hoverbox][\/vc_column][\/vc_row][vc_row][vc_column][\/vc_column][\/vc_row]<\/p>\n","protected":false},"excerpt":{"rendered":"<p>[vc_row css=\u00a0\u00bb.vc_custom_1592578978274{padding-bottom: 80px !important;}\u00a0\u00bb][vc_column width=\u00a0\u00bb1\/3&Prime;][vc_hoverbox image=\u00a0\u00bb4913&Prime; primary_title=\u00a0\u00bb1996 : le premier festival\u00a0\u00bb hover_title=\u00a0\u00bb1996 : le premier festival\u00a0\u00bb shape=\u00a0\u00bbsquare\u00a0\u00bb] Voir la promenade&#8230; [\/vc_hoverbox][\/vc_column][vc_column width=\u00a0\u00bb1\/3&Prime;][vc_hoverbox image=\u00a0\u00bb4914&Prime; primary_title=\u00a0\u00bbLes tournages Contis-plage Productions cin\u00e9matographiques\u00a0\u00bb hover_title=\u00a0\u00bbLes tournages\u00a0\u00bb shape=\u00a0\u00bbsquare\u00a0\u00bb] Voir la promenade&#8230; [\/vc_hoverbox][\/vc_column][vc_column width=\u00a0\u00bb1\/3&Prime;][vc_hoverbox image=\u00a0\u00bb4915&Prime; primary_title=\u00a0\u00bbLes ann\u00e9es Cin\u00e9 F\u00eate \u00e0 Contis\u00a0\u00bb hover_title=\u00a0\u00bbLes ann\u00e9es Cin\u00e9 F\u00eate \u00e0 Contis\u00a0\u00bb shape=\u00a0\u00bbsquare\u00a0\u00bb] Voir la promenade&#8230; [\/vc_hoverbox][\/vc_column][\/vc_row][vc_row css=\u00a0\u00bb.vc_custom_1592578978274{padding-bottom: [&hellip;]<\/p>\n","protected":false},"author":1,"featured_media":0,"parent":0,"menu_order":0,"comment_status":"closed","ping_status":"closed","template":"","meta":{"_monsterinsights_skip_tracking":false,"_monsterinsights_sitenote_active":false,"_monsterinsights_sitenote_note":"","_monsterinsights_sitenote_category":0,"footnotes":""},"_links":{"self":[{"href":"http:\/\/www.cinema-contis.fr\/site_festival\/wp-json\/wp\/v2\/pages\/4064"}],"collection":[{"href":"http:\/\/www.cinema-contis.fr\/site_festival\/wp-json\/wp\/v2\/pages"}],"about":[{"href":"http:\/\/www.cinema-contis.fr\/site_festival\/wp-json\/wp\/v2\/types\/page"}],"author":[{"embeddable":true,"href":"http:\/\/www.cinema-contis.fr\/site_festival\/wp-json\/wp\/v2\/users\/1"}],"replies":[{"embeddable":true,"href":"http:\/\/www.cinema-contis.fr\/site_festival\/wp-json\/wp\/v2\/comments?post=4064"}],"version-history":[{"count":24,"href":"http:\/\/www.cinema-contis.fr\/site_festival\/wp-json\/wp\/v2\/pages\/4064\/revisions"}],"predecessor-version":[{"id":4942,"href":"http:\/\/www.cinema-contis.fr\/site_festival\/wp-json\/wp\/v2\/pages\/4064\/revisions\/4942"}],"wp:attachment":[{"href":"http:\/\/www.cinema-contis.fr\/site_festival\/wp-json\/wp\/v2\/media?parent=4064"}],"curies":[{"name":"wp","href":"https:\/\/api.w.org\/{rel}","templated":true}]}}