{"id":4095,"date":"2020-06-19T18:54:46","date_gmt":"2020-06-19T16:54:46","guid":{"rendered":"http:\/\/www.cinema-contis.fr\/site_festival\/?page_id=4095"},"modified":"2020-07-07T14:35:57","modified_gmt":"2020-07-07T12:35:57","slug":"education-a-limage","status":"publish","type":"page","link":"http:\/\/www.cinema-contis.fr\/site_festival\/education-a-limage\/","title":{"rendered":"\u00c9ducation \u00e0 l&rsquo;image"},"content":{"rendered":"<p>[vc_row][vc_column][vc_column_text]<span style=\"color: #000000;\"><strong>Le Cin\u00e9ma de Contis porte depuis toujours une grande attention \u00e0 l&rsquo;\u00e9ducation \u00e0 l&rsquo;image et profite du Festival pour faire partager aux enfants et aux adolescents toute l&rsquo;\u00e9nergie et la cr\u00e9ativit\u00e9 de la manifestation.<\/strong> <\/span><\/p>\n<p><span style=\"color: #000000;\">Cette ann\u00e9e, un programme de courts-m\u00e9trages en hors comp\u00e9tition leur est d\u00e9di\u00e9 (le \u00ab\u00a0programme jeune public\u00a0\u00bb disponible <a style=\"color: #000000;\" href=\"http:\/\/www.cinema-contis.fr\/site_festival\/hors-competition\/\"><span style=\"text-decoration: underline;\">ici<\/span><\/a> \u00e0 partir de samedi 4 juillet \u00e0 9h), et une rencontre virtuelle aura lieu entre les br\u00e9siliens de Cinema No Interior avec les fran\u00e7ais de l\u2019atelier cin\u00e9matographique Douze Films, d\u00e8s l&rsquo;ouverture du Festival jeudi 2 juillet.<\/span>[\/vc_column_text][\/vc_column][\/vc_row][vc_row][vc_column][vc_column_text]<\/p>\n<p style=\"text-align: center;\"><strong><span style=\"color: #f54040;\">Au programme de cette rencontre franco-br\u00e9silienne, deux films ont \u00e9t\u00e9 diffus\u00e9s :<br \/>\n\u00ab <em>Le gar\u00e7on qui avait peur du fleuve&nbsp;<\/em>\u00bb et \u00ab&nbsp;<em>Lettres confin\u00e9es&nbsp;<\/em>\u00bb<\/span><\/strong><\/p>\n<p style=\"text-align: center;\"><strong><span style=\"color: #f54040;\">Malgr\u00e9 la distance, une rencontre a \u00e9galement eu lieu par l&rsquo;int\u00e9rm\u00e9diaire de questions-r\u00e9ponses dans les commentaires de la page<br \/>\net par le biais de cette vid\u00e9o ci-dessous :<\/span><\/strong><\/p>\n<p>&nbsp;<\/p>\n<div align=\"center\"><iframe loading=\"lazy\" src=\"https:\/\/www.youtube.com\/embed\/YLdJsO8MtGk\" width=\"711\" height=\"400\" frameborder=\"0\" allowfullscreen=\"allowfullscreen\"><span data-mce-type=\"bookmark\" style=\"display: inline-block; width: 0px; overflow: hidden; line-height: 0;\" class=\"mce_SELRES_start\">\ufeff<\/span><\/iframe><\/div>\n<p>&nbsp;<\/p>\n<p><img loading=\"lazy\" decoding=\"async\" class=\"size-medium wp-image-4108 aligncenter\" src=\"http:\/\/www.cinema-contis.fr\/site_festival\/wp-content\/uploads\/2020\/06\/logo-educimage-300x101.jpg\" alt=\"\" width=\"300\" height=\"101\" srcset=\"http:\/\/www.cinema-contis.fr\/site_festival\/wp-content\/uploads\/2020\/06\/logo-educimage-300x101.jpg 300w, http:\/\/www.cinema-contis.fr\/site_festival\/wp-content\/uploads\/2020\/06\/logo-educimage-1024x344.jpg 1024w, http:\/\/www.cinema-contis.fr\/site_festival\/wp-content\/uploads\/2020\/06\/logo-educimage-768x258.jpg 768w, http:\/\/www.cinema-contis.fr\/site_festival\/wp-content\/uploads\/2020\/06\/logo-educimage-600x202.jpg 600w, http:\/\/www.cinema-contis.fr\/site_festival\/wp-content\/uploads\/2020\/06\/logo-educimage.jpg 1060w\" sizes=\"(max-width: 300px) 100vw, 300px\" \/>[\/vc_column_text][vc_column_text]<span style=\"color: #000000;\"><strong>Cinema No Interior &#8211; \u00e9dition sp\u00e9ciale \u00ab&nbsp;Velho Chico&nbsp;\u00bb<\/strong><\/span><br \/>\n<span style=\"color: #000000;\">Partenaire du Festival de Contis depuis 2014, le projet Cinema No Interior, port\u00e9 par le r\u00e9alisateur br\u00e9silien Marcos Carvalho, a pour objectif de participer au d\u00e9veloppement socioculturel du Nordeste br\u00e9silien gr\u00e2ce aux outils audiovisuels et cin\u00e9matographiques. En proposant des ateliers d\u2019\u00e9criture de sc\u00e9nario, des cours de photographie et des formations d\u2019acteurs, les habitants des communaut\u00e9s r\u00e9alisent ensemble des courts-m\u00e9trages visant \u00e0 faire conna\u00eetre et valoriser la culture locale.<\/span><\/p>\n<p><span style=\"color: #000000;\">L\u2019\u00e9dition sp\u00e9ciale \u00ab Velho Chico \u00bb rassemble une \u00e9quipe compos\u00e9e de cin\u00e9astes, d\u2019\u00e9tudiants, de techniciens et de professeurs de toutes les anciennes \u00e9ditions de Cinema No Interior. Ensemble, ils ont parcouru l\u2019immense fleuve rio S\u00e3o Francisco, long de 3 160 km, pour r\u00e9aliser une s\u00e9rie d\u2019ateliers de formation au cin\u00e9ma et produire avec les habitants des communaut\u00e9s, quatre courts-m\u00e9trages de fiction inspir\u00e9s des l\u00e9gendes locales.<\/span><\/p>\n<p><span style=\"color: #000000;\"><a style=\"color: #000000;\" href=\"http:\/\/www.cinemanointerior.com.br\/\">www.cinemanointerior.com.br<\/a><\/span><\/p>\n<p><span style=\"color: #000000;\"><strong>Marcos Carvalho vous pr\u00e9sente cette \u00e9dition sp\u00e9ciale \u00ab Velho Chico \u00bb :<\/strong><\/span><\/p>\n<p><iframe loading=\"lazy\" src=\"https:\/\/www.youtube.com\/embed\/QAJlswedg38?rel=0\" width=\"560\" height=\"315\" frameborder=\"0\" allowfullscreen=\"allowfullscreen\"><\/iframe>&nbsp;[\/vc_column_text][vc_column_text]<span style=\"color: #000000;\"><strong><img loading=\"lazy\" decoding=\"async\" class=\"size-medium wp-image-4101 alignright\" src=\"http:\/\/www.cinema-contis.fr\/site_festival\/wp-content\/uploads\/2020\/06\/O-MENINO-QUE-TINHA-MEDO-DO-RIO-4-300x169.png\" alt=\"\" width=\"300\" height=\"169\" srcset=\"http:\/\/www.cinema-contis.fr\/site_festival\/wp-content\/uploads\/2020\/06\/O-MENINO-QUE-TINHA-MEDO-DO-RIO-4-300x169.png 300w, http:\/\/www.cinema-contis.fr\/site_festival\/wp-content\/uploads\/2020\/06\/O-MENINO-QUE-TINHA-MEDO-DO-RIO-4-1024x576.png 1024w, http:\/\/www.cinema-contis.fr\/site_festival\/wp-content\/uploads\/2020\/06\/O-MENINO-QUE-TINHA-MEDO-DO-RIO-4-768x432.png 768w, http:\/\/www.cinema-contis.fr\/site_festival\/wp-content\/uploads\/2020\/06\/O-MENINO-QUE-TINHA-MEDO-DO-RIO-4-1536x864.png 1536w, http:\/\/www.cinema-contis.fr\/site_festival\/wp-content\/uploads\/2020\/06\/O-MENINO-QUE-TINHA-MEDO-DO-RIO-4-600x338.png 600w, http:\/\/www.cinema-contis.fr\/site_festival\/wp-content\/uploads\/2020\/06\/O-MENINO-QUE-TINHA-MEDO-DO-RIO-4.png 1920w\" sizes=\"(max-width: 300px) 100vw, 300px\" \/>LE GAR\u00c7ON QUI AVAIT PEUR DU FLEUVE &nbsp;<\/strong><\/span><br \/>\n<strong><span style=\"color: #000000;\">\u00ab O menino que tinha medo do rio \u00bb<\/span><\/strong><br \/>\n<span style=\"color: #000000;\"><strong>R\u00e9alisation 2019 <\/strong><\/span><br \/>\n<span style=\"color: #000000;\"><strong>Produit par Mont Serrat Filmes <\/strong><\/span><br \/>\n<span style=\"color: #000000;\"><strong>Dur\u00e9e&nbsp;: 20\u201910 &nbsp;<\/strong><\/span><br \/>\n<span style=\"color: #000000;\"><em>In\u00e1cio, un enfant de onze ans, vit entre la peur et l\u2019attirance profonde que lui inspire le fleuve rio S\u00e3o Francisco, pr\u00e8s de son village. Sa grand-m\u00e8re le met en garde sur les dangers de ce fleuve en lui rappelant qu\u2019il a emport\u00e9 ses deux parents. Mais In\u00e1cio ne r\u00e9siste pas \u00e0 l\u2019attraction exerc\u00e9e par les eaux et embarque dans un voyage en solitaire \u00e0 la recherche d\u2019une pierre magique ayant le pouvoir de changer le monde. Au cours de sa qu\u00eate, In\u00e1cio rencontre les forces et les Esprits du fleuve.<\/em><\/span><\/p>\n<p>&nbsp;<\/p>\n<div align=\"center\">&nbsp;<\/div>\n<p style=\"text-align: center;\"><span style=\"text-decoration: underline;\"><span style=\"color: #000000; text-decoration: underline;\">Photos de tournage du court-m\u00e9trage br\u00e9silien \u00ab\u00a0LE GAR\u00c7ON QUI AVAIT PEUR DU FLEUVE\u00a0\u00bb.<\/span><\/span><\/p>\n<p>[ngg src=\u00a0\u00bbgalleries\u00a0\u00bb ids=\u00a0\u00bb2&Prime; display=\u00a0\u00bbbasic_thumbnail\u00a0\u00bb]&nbsp;[\/vc_column_text][vc_column_text]<span style=\"color: #000000;\"><b>Douze Films \u2013 L\u2019atelier cin\u00e9matographique<\/b><\/span><br \/>\n<span style=\"color: #000000;\">Dans une volont\u00e9 de favoriser le faire-ensemble, Douze Films accompagne les habitants du territoire dans la r\u00e9alisation de courts m\u00e9trages en collectif. Par des ateliers participatifs, l\u2019\u00e9quipe offre \u00e0 des publics h\u00e9t\u00e9rog\u00e8nes la possibilit\u00e9 de d\u00e9couvrir et de s\u2019initier aux techniques cin\u00e9matographiques visant \u00e0 d\u00e9mocratiser l\u2019acc\u00e8s \u00e0 la vie culturelle. En apprenant \u00e0 d\u00e9finir des personnages, \u00e0 imaginer des dialogues, \u00e0 distribuer des r\u00f4les, \u00e0 travailler un jeu d\u2019acteur, \u00e0 penser des d\u00e9cors, des cadrages ou un univers sonore, les participants se familiarisent avec un langage et des pratiques cin\u00e9matographiques.<\/span><\/p>\n<p><a href=\"http:\/\/www.douzefilms.fr\/\"><span style=\"color: #000000;\">www.douzefilms.fr<\/span><\/a>[\/vc_column_text][vc_column_text]<span style=\"color: #000000;\"><strong><img loading=\"lazy\" decoding=\"async\" class=\"size-medium wp-image-4102 alignright\" src=\"http:\/\/www.cinema-contis.fr\/site_festival\/wp-content\/uploads\/2020\/06\/Film-DouzeFilms-LETTRES-CONFINEES-300x240.jpg\" alt=\"\" width=\"300\" height=\"240\" srcset=\"http:\/\/www.cinema-contis.fr\/site_festival\/wp-content\/uploads\/2020\/06\/Film-DouzeFilms-LETTRES-CONFINEES-300x240.jpg 300w, http:\/\/www.cinema-contis.fr\/site_festival\/wp-content\/uploads\/2020\/06\/Film-DouzeFilms-LETTRES-CONFINEES-1024x819.jpg 1024w, http:\/\/www.cinema-contis.fr\/site_festival\/wp-content\/uploads\/2020\/06\/Film-DouzeFilms-LETTRES-CONFINEES-768x614.jpg 768w, http:\/\/www.cinema-contis.fr\/site_festival\/wp-content\/uploads\/2020\/06\/Film-DouzeFilms-LETTRES-CONFINEES-600x480.jpg 600w, http:\/\/www.cinema-contis.fr\/site_festival\/wp-content\/uploads\/2020\/06\/Film-DouzeFilms-LETTRES-CONFINEES.jpg 1356w\" sizes=\"(max-width: 300px) 100vw, 300px\" \/>LETTRES CONFIN\u00c9ES &nbsp;<\/strong><\/span><br \/>\n<span style=\"color: #000000;\"><strong>R\u00e9alisation avril 2020 <\/strong><\/span><br \/>\n<span style=\"color: #000000;\"><strong>Produit par Cin\u00e9 No\u00e8s <\/strong><\/span><br \/>\n<span style=\"color: #000000;\"><strong>Dur\u00e9e&nbsp;: 9\u201912 <\/strong><\/span><br \/>\n<span style=\"color: #000000;\"><em>Pendant le confinement, l\u2019\u00e9quipe Douze Films a guid\u00e9 sept jeunes de la r\u00e9gion bordelaise, \u00e2g\u00e9s de douze \u00e0 seize ans, dans la r\u00e9alisation d\u2019un court m\u00e9trage \u00e0 distance. Ateliers d\u2019\u00e9criture en visioconf\u00e9rence, prise de vues avec les moyens du bord, communication quotidienne par les r\u00e9seaux sociaux\u2026 une semaine plus tard, le court m\u00e9trage \u00ab&nbsp;Lettres confin\u00e9es&nbsp;\u00bb est n\u00e9.<\/em><\/span><br \/>\n<span style=\"color: #000000;\"><em>En \u00e9crivant des lettres adress\u00e9es \u00e0 eux-m\u00eames&nbsp;dans le pass\u00e9 et leur futur, ils se sont questionn\u00e9 sur le contexte, les circonstances et les \u00e9volutions de la situation qu\u2019ils traversent aujourd\u2019hui.<\/em><\/span>[\/vc_column_text][\/vc_column][\/vc_row][vc_row][vc_column][vc_empty_space][vc_empty_space][vc_column_text]<\/p>\n<p style=\"text-align: center;\"><strong><span style=\"color: #000000;\">*PROMENADE DANS 25 ANS DE FESTIVAL*<\/span><\/strong><\/p>\n<p style=\"text-align: center;\"><span style=\"color: #000000;\">Dans la vid\u00e9o ci-dessous, retrouvez le making off \u00ab\u00a0AU BORD DES VAGUES\u00a0\u00bb r\u00e9alis\u00e9 par une dizaine d&rsquo;adolescents, dirig\u00e9s par le r\u00e9alisateur Fr\u00e9d\u00e9ric Carpentier, lors de la 10\u00e8me \u00e9dition du Festival de Contis.<\/span><\/p>\n<p style=\"text-align: center;\"><iframe loading=\"lazy\" src=\"https:\/\/www.youtube.com\/embed\/BOzvgzGfyEs?rel=0\" width=\"711\" height=\"400\" frameborder=\"0\" allowfullscreen=\"allowfullscreen\"><\/iframe><span style=\"color: #000000;\">&nbsp;<\/span><\/p>\n<p>&nbsp;[\/vc_column_text][\/vc_column][\/vc_row][vc_row][vc_column][vc_empty_space][\/vc_column][\/vc_row]<\/p>\n","protected":false},"excerpt":{"rendered":"<p>[vc_row][vc_column][vc_column_text]Le Cin\u00e9ma de Contis porte depuis toujours une grande attention \u00e0 l&rsquo;\u00e9ducation \u00e0 l&rsquo;image et profite du Festival pour faire partager aux enfants et aux adolescents toute l&rsquo;\u00e9nergie et la cr\u00e9ativit\u00e9 de la manifestation. Cette ann\u00e9e, un programme de courts-m\u00e9trages en hors comp\u00e9tition leur est d\u00e9di\u00e9 (le \u00ab\u00a0programme jeune public\u00a0\u00bb disponible ici \u00e0 partir de [&hellip;]<\/p>\n","protected":false},"author":2,"featured_media":0,"parent":0,"menu_order":0,"comment_status":"open","ping_status":"closed","template":"","meta":{"_monsterinsights_skip_tracking":false,"_monsterinsights_sitenote_active":false,"_monsterinsights_sitenote_note":"","_monsterinsights_sitenote_category":0,"footnotes":""},"_links":{"self":[{"href":"http:\/\/www.cinema-contis.fr\/site_festival\/wp-json\/wp\/v2\/pages\/4095"}],"collection":[{"href":"http:\/\/www.cinema-contis.fr\/site_festival\/wp-json\/wp\/v2\/pages"}],"about":[{"href":"http:\/\/www.cinema-contis.fr\/site_festival\/wp-json\/wp\/v2\/types\/page"}],"author":[{"embeddable":true,"href":"http:\/\/www.cinema-contis.fr\/site_festival\/wp-json\/wp\/v2\/users\/2"}],"replies":[{"embeddable":true,"href":"http:\/\/www.cinema-contis.fr\/site_festival\/wp-json\/wp\/v2\/comments?post=4095"}],"version-history":[{"count":37,"href":"http:\/\/www.cinema-contis.fr\/site_festival\/wp-json\/wp\/v2\/pages\/4095\/revisions"}],"predecessor-version":[{"id":5195,"href":"http:\/\/www.cinema-contis.fr\/site_festival\/wp-json\/wp\/v2\/pages\/4095\/revisions\/5195"}],"wp:attachment":[{"href":"http:\/\/www.cinema-contis.fr\/site_festival\/wp-json\/wp\/v2\/media?parent=4095"}],"curies":[{"name":"wp","href":"https:\/\/api.w.org\/{rel}","templated":true}]}}