{"id":4219,"date":"2020-06-24T20:10:30","date_gmt":"2020-06-24T18:10:30","guid":{"rendered":"http:\/\/www.cinema-contis.fr\/site_festival\/?page_id=4219"},"modified":"2020-07-04T15:03:06","modified_gmt":"2020-07-04T13:03:06","slug":"atelier-les-nouveaux-usages-de-la-salle","status":"publish","type":"page","link":"http:\/\/www.cinema-contis.fr\/site_festival\/atelier-les-nouveaux-usages-de-la-salle\/","title":{"rendered":"Atelier \u00ab\u00a0Les nouveaux usages de la salle\u00a0\u00bb"},"content":{"rendered":"<p>[vc_row css=\u00a0\u00bb.vc_custom_1534303967474{padding-bottom: 8% !important;}\u00a0\u00bb][vc_column][vc_column_text]<\/p>\n<div align=\"center\"><iframe loading=\"lazy\" src=\"https:\/\/www.youtube.com\/embed\/rt4ecmbXQJQ?rel=0\" width=\"711\" height=\"400\" frameborder=\"0\" allowfullscreen=\"allowfullscreen\"><\/iframe><\/div>\n<p>[\/vc_column_text][vc_column_text]<\/p>\n<p style=\"font-weight: 400;\"><span style=\"color: #000000;\">En partenariat avec Europa Cinemas et Boxoffice Pro, le Festival de Contis organise une rencontre professionnelle en ligne sur les nouveaux usages de la salle.<\/span><\/p>\n<p><span style=\"color: #000000;\">Les salles de cin\u00e9ma art et essai sont non seulement le lieu de la rencontre entre les films d&rsquo;auteur et le public, mais aussi des lieux de vie et de sociabilit\u00e9 au c\u0153ur de nos villes.<\/span><br \/>\n<span style=\"color: #000000;\">Aujourd&rsquo;hui confront\u00e9es \u00e0 des d\u00e9fis multiples et fragilis\u00e9es par la crise, elles parviennent pourtant \u00e0 se r\u00e9inventer, touchant des publics diversifi\u00e9s qui leur apportent leur fid\u00e9lit\u00e9.<\/span><\/p>\n<p><span style=\"color: #000000;\">En partant d&rsquo;initiatives concr\u00e8tes ayant \u00e9merg\u00e9 ces derniers mois (Salle virtuelle, Drive-in, VoD \u2026) en compagnie de quatre exploitants bien connus et d\u2019une directrice d\u2019un festival majeur, tous francophones, nous nous pencherons sur les nouveaux usages des salles et essaierons de savoir lesquels pourraient durablement s\u2019installer pour, peut-\u00eatre, forger la \u00ab salle de demain \u00bb. <\/span><\/p>\n<p><span style=\"color: #000000;\">D\u00e9mat\u00e9rialisation du lien avec les publics, diversification vers d&rsquo;autres types d\u2019images et d\u2019activit\u00e9s (VR, jeux vid\u00e9o), lien avec les cr\u00e9ateurs ou encore d\u00e9veloppement de la salle en lieu r\u00e9silient : les pistes ne manquent pas pour renouveler les pratiques de nos cin\u00e9mas.<\/span><br \/>\n<span style=\"color: #000000;\"><u><br \/>\nMod\u00e9ration&nbsp;<\/u><u>:<\/u><\/span><br \/>\n<span style=\"color: #000000;\">Aysegul Algan et Marion Delique &#8211; Boxoffice Pro<\/span><\/p>\n<p><span style=\"color: #000000;\"><u>Intervenants :<\/u><\/span><br \/>\n<span style=\"color: #000000;\">William Benedetto &#8211; Cin\u00e9ma Alhambra (Marseille)<\/span><br \/>\n<span style=\"color: #000000;\">Paul-Marie Claret &#8211;&nbsp;Cin\u00e9mas Le M\u00e9li\u00e8s (Saint-Etienne)<\/span><br \/>\n<span style=\"color: #000000;\">Eric Gouzannet &#8211; Cin\u00e9ma Arvor (Rennes)<\/span><br \/>\n<span style=\"color: #000000;\">Elise Jalladeau &#8211; Festival de Thessalonique, Cin\u00e9mas Olympion et Warehouse (Thessalonique)<\/span><br \/>\n<span style=\"color: #000000;\">Gauthier Labrusse &#8211; Cinema Lux (Caen)<\/span><\/p>\n<p><img loading=\"lazy\" decoding=\"async\" class=\"size-full wp-image-4373 alignleft\" src=\"http:\/\/www.cinema-contis.fr\/site_festival\/wp-content\/uploads\/2020\/06\/box-office.jpg\" alt=\"\" width=\"220\" height=\"130\">[\/vc_column_text][\/vc_column][\/vc_row]<\/p>\n","protected":false},"excerpt":{"rendered":"<p>[vc_row css=\u00a0\u00bb.vc_custom_1534303967474{padding-bottom: 8% !important;}\u00a0\u00bb][vc_column][vc_column_text] [\/vc_column_text][vc_column_text] En partenariat avec Europa Cinemas et Boxoffice Pro, le Festival de Contis organise une rencontre professionnelle en ligne sur les nouveaux usages de la salle. Les salles de cin\u00e9ma art et essai sont non seulement le lieu de la rencontre entre les films d&rsquo;auteur et le public, mais aussi des [&hellip;]<\/p>\n","protected":false},"author":2,"featured_media":0,"parent":0,"menu_order":0,"comment_status":"closed","ping_status":"closed","template":"","meta":{"_monsterinsights_skip_tracking":false,"_monsterinsights_sitenote_active":false,"_monsterinsights_sitenote_note":"","_monsterinsights_sitenote_category":0,"footnotes":""},"_links":{"self":[{"href":"http:\/\/www.cinema-contis.fr\/site_festival\/wp-json\/wp\/v2\/pages\/4219"}],"collection":[{"href":"http:\/\/www.cinema-contis.fr\/site_festival\/wp-json\/wp\/v2\/pages"}],"about":[{"href":"http:\/\/www.cinema-contis.fr\/site_festival\/wp-json\/wp\/v2\/types\/page"}],"author":[{"embeddable":true,"href":"http:\/\/www.cinema-contis.fr\/site_festival\/wp-json\/wp\/v2\/users\/2"}],"replies":[{"embeddable":true,"href":"http:\/\/www.cinema-contis.fr\/site_festival\/wp-json\/wp\/v2\/comments?post=4219"}],"version-history":[{"count":16,"href":"http:\/\/www.cinema-contis.fr\/site_festival\/wp-json\/wp\/v2\/pages\/4219\/revisions"}],"predecessor-version":[{"id":5094,"href":"http:\/\/www.cinema-contis.fr\/site_festival\/wp-json\/wp\/v2\/pages\/4219\/revisions\/5094"}],"wp:attachment":[{"href":"http:\/\/www.cinema-contis.fr\/site_festival\/wp-json\/wp\/v2\/media?parent=4219"}],"curies":[{"name":"wp","href":"https:\/\/api.w.org\/{rel}","templated":true}]}}