{"id":4225,"date":"2020-06-24T20:16:38","date_gmt":"2020-06-24T18:16:38","guid":{"rendered":"http:\/\/www.cinema-contis.fr\/site_festival\/?page_id=4225"},"modified":"2020-07-06T17:07:48","modified_gmt":"2020-07-06T15:07:48","slug":"debat-revenu-de-base-la-fin-dune-utopie","status":"publish","type":"page","link":"http:\/\/www.cinema-contis.fr\/site_festival\/debat-revenu-de-base-la-fin-dune-utopie\/","title":{"rendered":"D\u00e9bat \u00ab\u00a0Revenu de base, la fin d&rsquo;une utopie ?\u00a0\u00bb"},"content":{"rendered":"<p>[vc_row css=\u00a0\u00bb.vc_custom_1534303967474{padding-bottom: 8% !important;}\u00a0\u00bb][vc_column][vc_column_text]<\/p>\n<div align=\"center\"><iframe loading=\"lazy\" style=\"border: none; overflow: hidden;\" src=\"https:\/\/www.facebook.com\/plugins\/video.php?href=https%3A%2F%2Fwww.facebook.com%2Fcinemacontis%2Fvideos%2F1129278060762991%2F&amp;show_text=0&amp;width=560\" width=\"711\" height=\"400\" frameborder=\"0\" scrolling=\"no\" allowfullscreen=\"allowfullscreen\"><\/iframe><\/div>\n<h5 style=\"text-align: center;\">&nbsp;<\/h5>\n<p>[\/vc_column_text][vc_column_text]<span style=\"color: #000000;\">D\u00e9couvert par le grand public lors de la derni\u00e8re pr\u00e9sidentielle dans le programme de Beno\u00eet Hamon, le revenu de base \u2013 ou revenu universel \u2013 refait surface dans les d\u00e9bats de l\u2019\u00ab apr\u00e8s \u00bb Covid. Longtemps consid\u00e9r\u00e9 comme utopique, il a d\u00e9j\u00e0 \u00e9t\u00e9 test\u00e9 dans des territoires s\u00e9duits par ce m\u00e9canisme qui promet de r\u00e9duire les in\u00e9galit\u00e9s et de donner chacun le droit de (sur)vivre au sein de soci\u00e9t\u00e9s de plus en plus pr\u00e9datrices. Pourtant, de la droite lib\u00e9rale \u00e0 la gauche progressiste force est de constater que tout le monde n&rsquo;a pas la m\u00eame d\u00e9finition du revenu de base. Ainsi, \u00e0 partir des exp\u00e9rimentations men\u00e9es et des r\u00e9flexions en cours nous nous interrogerons sur l&rsquo;avenir de cette id\u00e9e qui pourrait r\u00e9volutionner notre rapport au travail et, pourquoi pas, nos vies.&nbsp;<\/span><\/p>\n<p><span style=\"color: #000000;\"><u>Mod\u00e9ration :<\/u><\/span><br \/>\n<span style=\"color: #000000;\">No\u00e9mie Lehouelleur &#8211; journaliste ind\u00e9pendante<\/span><\/p>\n<p><span style=\"color: #000000;\"><u>Intervenants :<\/u><\/span><br \/>\n<span style=\"color: #000000;\">Denise Greslard N\u00e9d\u00e9lec &#8211; conseill\u00e8re d\u00e9partementale de la Gironde &#8211; Vice-pr\u00e9sidente charg\u00e9e des Politiques de l&rsquo;insertion<br \/>\nNicole Teke &#8211; co-fondatrice du Collectif pour un Droit au Revenu<\/span><br \/>\n<span style=\"color: #000000;\">Marc de Basquiat &#8211; Pr\u00e9sident de l&rsquo;Association pour l&rsquo;instauration d&rsquo;un revenu de base (A.I.R.E)<\/span><br \/>\n<span style=\"color: #000000;\">Vincent Liegey &#8211; essayiste et conf\u00e9rencier sur la d\u00e9croissance<\/span>[\/vc_column_text][\/vc_column][\/vc_row]<\/p>\n","protected":false},"excerpt":{"rendered":"<p>[vc_row css=\u00a0\u00bb.vc_custom_1534303967474{padding-bottom: 8% !important;}\u00a0\u00bb][vc_column][vc_column_text] &nbsp; [\/vc_column_text][vc_column_text]D\u00e9couvert par le grand public lors de la derni\u00e8re pr\u00e9sidentielle dans le programme de Beno\u00eet Hamon, le revenu de base \u2013 ou revenu universel \u2013 refait surface dans les d\u00e9bats de l\u2019\u00ab apr\u00e8s \u00bb Covid. Longtemps consid\u00e9r\u00e9 comme utopique, il a d\u00e9j\u00e0 \u00e9t\u00e9 test\u00e9 dans des territoires s\u00e9duits par ce [&hellip;]<\/p>\n","protected":false},"author":2,"featured_media":0,"parent":0,"menu_order":0,"comment_status":"closed","ping_status":"closed","template":"","meta":{"_monsterinsights_skip_tracking":false,"_monsterinsights_sitenote_active":false,"_monsterinsights_sitenote_note":"","_monsterinsights_sitenote_category":0,"footnotes":""},"_links":{"self":[{"href":"http:\/\/www.cinema-contis.fr\/site_festival\/wp-json\/wp\/v2\/pages\/4225"}],"collection":[{"href":"http:\/\/www.cinema-contis.fr\/site_festival\/wp-json\/wp\/v2\/pages"}],"about":[{"href":"http:\/\/www.cinema-contis.fr\/site_festival\/wp-json\/wp\/v2\/types\/page"}],"author":[{"embeddable":true,"href":"http:\/\/www.cinema-contis.fr\/site_festival\/wp-json\/wp\/v2\/users\/2"}],"replies":[{"embeddable":true,"href":"http:\/\/www.cinema-contis.fr\/site_festival\/wp-json\/wp\/v2\/comments?post=4225"}],"version-history":[{"count":11,"href":"http:\/\/www.cinema-contis.fr\/site_festival\/wp-json\/wp\/v2\/pages\/4225\/revisions"}],"predecessor-version":[{"id":5176,"href":"http:\/\/www.cinema-contis.fr\/site_festival\/wp-json\/wp\/v2\/pages\/4225\/revisions\/5176"}],"wp:attachment":[{"href":"http:\/\/www.cinema-contis.fr\/site_festival\/wp-json\/wp\/v2\/media?parent=4225"}],"curies":[{"name":"wp","href":"https:\/\/api.w.org\/{rel}","templated":true}]}}