{"id":4556,"date":"2020-06-29T14:39:45","date_gmt":"2020-06-29T12:39:45","guid":{"rendered":"http:\/\/www.cinema-contis.fr\/site_festival\/?page_id=4556"},"modified":"2020-06-29T16:04:28","modified_gmt":"2020-06-29T14:04:28","slug":"boite-a-idees-2","status":"publish","type":"page","link":"http:\/\/www.cinema-contis.fr\/site_festival\/boite-a-idees-2\/","title":{"rendered":"Bo\u00eete \u00e0 id\u00e9es&#8230;"},"content":{"rendered":"\n<p class=\"has-text-align-center\"><strong>Le 20 mai dernier lors d&rsquo;un message relay\u00e9 sur les r\u00e9seaux sociaux et newsletter, l&rsquo;\u00e9quipe du Festival de Contis avait offert la possibilit\u00e9 au public de s\u2019exprimer librement, par le moyen et la forme de son choix. <\/strong>Musique, photographie, vid\u00e9o, art plastique ou graphique, litt\u00e9rature\u2026 De nombreuses propositions artistiques ont \u00e9t\u00e9 re\u00e7ues, en voici une s\u00e9lection.Merci \u00e0 tous pour votre participation !<\/p>\n\n\n\n<h3 class=\"has-text-align-center wp-block-heading\"><strong>\u201cEternal Odyss\u00e9e\u201d de YOM, r\u00e9alis\u00e9 par Laurent Benhamou (14&prime;)<\/strong><\/h3>\n\n\n\n<p class=\"has-text-align-center\"><em>Titre compos\u00e9 par Yom, Regis Huby et Frederic Deville<\/em><\/p>\n\n\n\n<div align=\"center\"><iframe loading=\"lazy\" width=\"550\" height=\"315\" src=\"https:\/\/www.youtube.com\/embed\/iIQdQkS97ks\" frameborder=\"0\" allow=\"accelerometer; autoplay; encrypted-media; gyroscope; picture-in-picture\" allowfullscreen=\"\"><\/iframe><\/div>\n\n\n\n<hr class=\"wp-block-separator is-style-wide\"\/>\n\n\n\n<h3 class=\"has-text-align-center wp-block-heading\"><strong>\u201cTKAM\u201d de Emmanuelle Troy (9&prime;)<\/strong><\/h3>\n\n\n\n<p class=\"has-text-align-center\">TKAM, voyage musical, tissage de voix et de visages, de langues et de paysages, s&rsquo;aventurant sur la Route de la soie\u2026 Po\u00e8me visuel et sonore, en hommage \u00e0 tous ces peuples qui luttent pour leur culture, leur langue, leur libert\u00e9, si souvent bafou\u00e9es. TKAM, dans la langue tokharienne, signifie : \u00ab la Terre, le Monde \u00bb<br>TKAM : \u00ab\u00a0Terre, monde\u00a0\u00bb\u2026 dans une langue qui n&rsquo;est plus &#8211; celle des Tokhariens, peuple de marchands, interm\u00e9diaires entre Orient et Occident, balay\u00e9s par le vent de l&rsquo;Histoire\u2026<\/p>\n\n\n\n<div align=center><iframe loading=\"lazy\" width=\"560\" height=\"315\" src=\"https:\/\/www.youtube.com\/embed\/4W78GE55Wok\" frameborder=\"0\" allow=\"accelerometer; autoplay; encrypted-media; gyroscope; picture-in-picture\" allowfullscreen><\/iframe><\/iframe><\/div>\n\n\n\n<hr class=\"wp-block-separator is-style-wide\"\/>\n\n\n\n<h3 class=\"has-text-align-center wp-block-heading\"><strong>\u201cHow Will I Know\u201d r\u00e9alis\u00e9 par Pierre Sabrou (5&prime;)<\/strong><\/h3>\n\n\n\n<p class=\"has-text-align-center\">Reprise de la chanson de Yael Naim par Charist\u00e9 Monseigny<\/p>\n\n\n\n<figure class=\"wp-block-embed-youtube aligncenter wp-block-embed is-type-video is-provider-youtube wp-embed-aspect-4-3 wp-has-aspect-ratio\"><div align=\"center\" class=\"wp-block-embed__wrapper\">\n<iframe loading=\"lazy\" title=\"YAEL NAIM - How will I know (cover)\" width=\"500\" height=\"375\" src=\"https:\/\/www.youtube.com\/embed\/DIgMpw3i9Fw?feature=oembed\" frameborder=\"0\" allow=\"accelerometer; autoplay; clipboard-write; encrypted-media; gyroscope; picture-in-picture; web-share\" referrerpolicy=\"strict-origin-when-cross-origin\" allowfullscreen><\/iframe>\n<\/div><\/figure>\n\n\n\n<hr class=\"wp-block-separator is-style-wide\"\/>\n\n\n\n<h3 class=\"has-text-align-center wp-block-heading\"><strong>Lecture d&rsquo;un ha\u00efku par Cathy Fourgeau (7 secondes)<\/strong><\/h3>\n\n\n\n<div align=\"center\"><iframe loading=\"lazy\" width=\"300\" height=\"60\" src=\"https:\/\/vocaroo.com\/embed\/ocLF7q2yDFC\" frameborder=\"0\"><\/iframe><br><a href=\"https:\/\/voca.ro\/ocLF7q2yDFC\" title=\"Enregistreur vocal Vocaroo\" target=\"_blank\" rel=\"noopener noreferrer\">Voir sur Vocaroo &gt;&gt;<\/a><\/div>\n\n\n\n<hr class=\"wp-block-separator is-style-wide\"\/>\n\n\n\n<h3 class=\"has-text-align-center wp-block-heading\"><strong>\u201cBroken Electre\u201d&nbsp;de Maud Querrol Ferrer (3&prime;)<\/strong><\/h3>\n\n\n\n<p class=\"has-text-align-center\">Projet d&rsquo;art video (during the confinement&#8230;). Travel of a videast.<\/p>\n\n\n\n<figure class=\"wp-block-embed-youtube aligncenter wp-block-embed is-type-video is-provider-youtube wp-embed-aspect-16-9 wp-has-aspect-ratio\"><div align=center class=\"wp-block-embed__wrapper\">\n<iframe loading=\"lazy\" title=\"Broken electre\" width=\"500\" height=\"281\" src=\"https:\/\/www.youtube.com\/embed\/o4nda8xZhhM?feature=oembed\" frameborder=\"0\" allow=\"accelerometer; autoplay; clipboard-write; encrypted-media; gyroscope; picture-in-picture; web-share\" referrerpolicy=\"strict-origin-when-cross-origin\" allowfullscreen><\/iframe>\n<\/div><\/figure>\n\n\n\n<hr class=\"wp-block-separator is-style-wide\"\/>\n\n\n\n<h3 class=\"has-text-align-center wp-block-heading\"><strong>\u201cDe ma fen\u00eatre\u201d&nbsp;de Rabah Brahimi (2&prime;)<\/strong><\/h3>\n\n\n\n<p class=\"has-text-align-center\">Ce que je vois de ma fen\u00eatre un jour de confinement. R\u00e9alis\u00e9 par Rabah Brahimi. Musique \u00ab\u00a0Hope and Glory\u00a0\u00bb de S\u00e9bastien Blanchon.<\/p>\n\n\n\n<figure class=\"wp-block-embed-youtube aligncenter wp-block-embed is-type-video is-provider-youtube wp-embed-aspect-16-9 wp-has-aspect-ratio\"><div align=center class=\"wp-block-embed__wrapper\">\n<iframe loading=\"lazy\" title=\"De ma fen\u00eatre\" width=\"500\" height=\"281\" src=\"https:\/\/www.youtube.com\/embed\/i24_XoWlicc?feature=oembed\" frameborder=\"0\" allow=\"accelerometer; autoplay; clipboard-write; encrypted-media; gyroscope; picture-in-picture; web-share\" referrerpolicy=\"strict-origin-when-cross-origin\" allowfullscreen><\/iframe>\n<\/div><\/figure>\n","protected":false},"excerpt":{"rendered":"<p>Le 20 mai dernier lors d&rsquo;un message relay\u00e9 sur les r\u00e9seaux sociaux et newsletter, l&rsquo;\u00e9quipe du Festival de Contis avait offert la possibilit\u00e9 au public de s\u2019exprimer librement, par le moyen et la forme de son choix. Musique, photographie, vid\u00e9o, art plastique ou graphique, litt\u00e9rature\u2026 De nombreuses propositions artistiques ont \u00e9t\u00e9 re\u00e7ues, en voici une [&hellip;]<\/p>\n","protected":false},"author":1,"featured_media":0,"parent":0,"menu_order":0,"comment_status":"closed","ping_status":"closed","template":"","meta":{"_monsterinsights_skip_tracking":false,"_monsterinsights_sitenote_active":false,"_monsterinsights_sitenote_note":"","_monsterinsights_sitenote_category":0,"footnotes":""},"_links":{"self":[{"href":"http:\/\/www.cinema-contis.fr\/site_festival\/wp-json\/wp\/v2\/pages\/4556"}],"collection":[{"href":"http:\/\/www.cinema-contis.fr\/site_festival\/wp-json\/wp\/v2\/pages"}],"about":[{"href":"http:\/\/www.cinema-contis.fr\/site_festival\/wp-json\/wp\/v2\/types\/page"}],"author":[{"embeddable":true,"href":"http:\/\/www.cinema-contis.fr\/site_festival\/wp-json\/wp\/v2\/users\/1"}],"replies":[{"embeddable":true,"href":"http:\/\/www.cinema-contis.fr\/site_festival\/wp-json\/wp\/v2\/comments?post=4556"}],"version-history":[{"count":27,"href":"http:\/\/www.cinema-contis.fr\/site_festival\/wp-json\/wp\/v2\/pages\/4556\/revisions"}],"predecessor-version":[{"id":4584,"href":"http:\/\/www.cinema-contis.fr\/site_festival\/wp-json\/wp\/v2\/pages\/4556\/revisions\/4584"}],"wp:attachment":[{"href":"http:\/\/www.cinema-contis.fr\/site_festival\/wp-json\/wp\/v2\/media?parent=4556"}],"curies":[{"name":"wp","href":"https:\/\/api.w.org\/{rel}","templated":true}]}}