{"id":4895,"date":"2020-07-02T12:15:41","date_gmt":"2020-07-02T10:15:41","guid":{"rendered":"http:\/\/www.cinema-contis.fr\/site_festival\/?page_id=4895"},"modified":"2020-07-03T13:16:16","modified_gmt":"2020-07-03T11:16:16","slug":"uncle-dunha-rencontres-des-arts","status":"publish","type":"page","link":"http:\/\/www.cinema-contis.fr\/site_festival\/uncle-dunha-rencontres-des-arts\/","title":{"rendered":"Artiste invit\u00e9 Uncle Dunha et Rencontre des Arts"},"content":{"rendered":"\n<h2 class=\"has-luminous-vivid-amber-color has-text-color has-text-align-center wp-block-heading\">Hommage international \u00e0 l&rsquo;artiste br\u00e9silien<\/h2>\n\n\n\n<h3 class=\"has-text-align-center wp-block-heading\">La vraie histoire de Uncle Dunha r\u00e9alis\u00e9 pour les 25 ans du Festival<\/h3>\n\n\n\n<div align=\"center\"><iframe loading=\"lazy\" width=\"560\" height=\"315\" src=\"https:\/\/www.youtube.com\/embed\/r1A-Ff92kKQ?rel=0\" frameborder=\"0\" allow=\"accelerometer; autoplay; encrypted-media; gyroscope; picture-in-picture\" allowfullscreen=\"\"><\/iframe><\/div>\n<div align=\"center\">LA VRAIE HISTOIRE DE UNCLE DUNHA r\u00e9alis\u00e9 par Uncle Dunha pour les 25 ans du Festival<\/div>\n\n\n\n<h3 class=\"has-text-align-center wp-block-heading\"><em>&nbsp;Incubadora de artistas en 2013 au Festival de Contis<\/em><\/h3>\n\n\n\n<div align=\"center\"><iframe loading=\"lazy\" width=\"560\" height=\"315\" src=\"https:\/\/www.youtube.com\/embed\/b2Jr99zgws8?rel=0\" frameborder=\"0\" allow=\"accelerometer; autoplay; encrypted-media; gyroscope; picture-in-picture\" allowfullscreen=\"\"><\/iframe><\/div>\n<div align=\"center\">Festival de Contis et Incubadora de artistas en 2013<\/div>\n\n\n\n<h3 class=\"has-text-align-center wp-block-heading\">Festival de Contis 2008 par Uncle Dunha<\/h3>\n\n\n\n<div align=\"center\"><iframe loading=\"lazy\" width=\"560\" height=\"315\" src=\"https:\/\/www.youtube.com\/embed\/E8ZLVrX84QM?rel=0\" frameborder=\"0\" allow=\"accelerometer; autoplay; encrypted-media; gyroscope; picture-in-picture\" allowfullscreen=\"\"><\/iframe><\/div>\n<div align=\"center\">Contis 2008 par Uncle Dunha<\/div>\n\n\n\n<h3 class=\"has-text-align-center wp-block-heading\">Festival de Contis 2009 par Uncle Dunha<\/h3>\n\n\n\n<div align=\"center\"><iframe loading=\"lazy\" width=\"560\" height=\"315\" src=\"https:\/\/www.youtube.com\/embed\/5CBahFp8hx0?rel=0\" frameborder=\"0\" allow=\"accelerometer; autoplay; encrypted-media; gyroscope; picture-in-picture\" allowfullscreen=\"\"><\/iframe><\/div>\n<div align=\"center\">Contis festival 2009 par Uncle Dunha<\/div>\n\n\n\n<h3 class=\"has-text-align-center wp-block-heading\">&nbsp;Uncle Dunha and me<\/h3>\n\n\n\n<div align=\"center\"><iframe loading=\"lazy\" width=\"560\" height=\"315\" src=\"https:\/\/www.youtube.com\/embed\/8maHaxhvDOM?rel=0\" frameborder=\"0\" allow=\"accelerometer; autoplay; encrypted-media; gyroscope; picture-in-picture\" allowfullscreen=\"\"><\/iframe><\/div>\n<div align=\"center\">Uncle Dunha and me<\/div>\n\n\n\n<h3 class=\"has-text-align-center wp-block-heading\">Partenariat International Atibaia Contis 14<sup>\u00e8me<\/sup>&nbsp;Festival de Contis<\/h3>\n\n\n\n<div align=\"center\"><iframe loading=\"lazy\" width=\"560\" height=\"315\" src=\"https:\/\/www.youtube.com\/embed\/71a1q5qfx0k?rel=0\" frameborder=\"0\" allow=\"accelerometer; autoplay; encrypted-media; gyroscope; picture-in-picture\" allowfullscreen=\"\"><\/iframe><\/div>\n<div align=\"center\">14\u00e8me Festival de Contis partenariat Atibaia Contis &#8211; musique Lili Cros et Thierry Chazelle<\/div>\n\n\n\n<h3 class=\"has-text-align-center wp-block-heading\">Et aussi&#8230;<\/h3>\n\n\n\n<h3 class=\"has-text-align-center wp-block-heading\">Le festival de Contis \u00e0 l\u2019entrep\u00f4t \u00e0 Paris en 2008<\/h3>\n\n\n\n<div align=\"center\"><iframe loading=\"lazy\" width=\"560\" height=\"315\" src=\"https:\/\/www.youtube.com\/embed\/uC1xn-Iefwg?rel=0\" frameborder=\"0\" allow=\"accelerometer; autoplay; encrypted-media; gyroscope; picture-in-picture\" allowfullscreen=\"\"><\/iframe><\/div>\n<div align=\"center\">Le Festival de Contis \u00e0 l\u2019Entrep\u00f4t \u00e0 Paris en 2008<\/div>\n\n\n\n<h3 class=\"has-text-align-center wp-block-heading\">&nbsp;Arthur H Bon anniversaire 20 ans de Festival<\/h3>\n\n\n\n<div align=\"center\"><iframe loading=\"lazy\" width=\"560\" height=\"315\" src=\"https:\/\/www.youtube.com\/embed\/kySqztWn8EA?rel=0\" frameborder=\"0\" allow=\"accelerometer; autoplay; encrypted-media; gyroscope; picture-in-picture\" allowfullscreen=\"\"><\/iframe><\/div>\n<div align=\"center\">Un message d&rsquo;Arthur H pour le 20e Festival International de Contis !<\/div>\n\n\n\n<h3 class=\"has-text-align-center wp-block-heading\">Diaporama<\/h3>\n\n\n\n<div align=\"center\"><iframe loading=\"lazy\" width=\"560\" height=\"315\" src=\"https:\/\/www.youtube.com\/embed\/PHUs7kYUhcE?rel=0\" frameborder=\"0\" allow=\"accelerometer; autoplay; encrypted-media; gyroscope; picture-in-picture\" allowfullscreen=\"\"><\/iframe><\/div>\n<div align=\"center\">Promenade en photos, musique Akale Wube<\/div>\n\n\n","protected":false},"excerpt":{"rendered":"<p>Hommage international \u00e0 l&rsquo;artiste br\u00e9silien La vraie histoire de Uncle Dunha r\u00e9alis\u00e9 pour les 25 ans du Festival LA VRAIE HISTOIRE DE UNCLE DUNHA r\u00e9alis\u00e9 par Uncle Dunha pour les 25 ans du Festival &nbsp;Incubadora de artistas en 2013 au Festival de Contis Festival de Contis et Incubadora de artistas en 2013 Festival de Contis [&hellip;]<\/p>\n","protected":false},"author":1,"featured_media":0,"parent":0,"menu_order":0,"comment_status":"closed","ping_status":"closed","template":"","meta":{"_monsterinsights_skip_tracking":false,"_monsterinsights_sitenote_active":false,"_monsterinsights_sitenote_note":"","_monsterinsights_sitenote_category":0,"footnotes":""},"_links":{"self":[{"href":"http:\/\/www.cinema-contis.fr\/site_festival\/wp-json\/wp\/v2\/pages\/4895"}],"collection":[{"href":"http:\/\/www.cinema-contis.fr\/site_festival\/wp-json\/wp\/v2\/pages"}],"about":[{"href":"http:\/\/www.cinema-contis.fr\/site_festival\/wp-json\/wp\/v2\/types\/page"}],"author":[{"embeddable":true,"href":"http:\/\/www.cinema-contis.fr\/site_festival\/wp-json\/wp\/v2\/users\/1"}],"replies":[{"embeddable":true,"href":"http:\/\/www.cinema-contis.fr\/site_festival\/wp-json\/wp\/v2\/comments?post=4895"}],"version-history":[{"count":7,"href":"http:\/\/www.cinema-contis.fr\/site_festival\/wp-json\/wp\/v2\/pages\/4895\/revisions"}],"predecessor-version":[{"id":4989,"href":"http:\/\/www.cinema-contis.fr\/site_festival\/wp-json\/wp\/v2\/pages\/4895\/revisions\/4989"}],"wp:attachment":[{"href":"http:\/\/www.cinema-contis.fr\/site_festival\/wp-json\/wp\/v2\/media?parent=4895"}],"curies":[{"name":"wp","href":"https:\/\/api.w.org\/{rel}","templated":true}]}}